{"id":14712,"date":"2026-04-14T11:57:44","date_gmt":"2026-04-14T10:57:44","guid":{"rendered":"https:\/\/trendymuse.com\/product\/pumpkin-platform-sole-faux-fur-lining-ultra-mini-ankle-boot-in-chestnut-faux-suede-womens-size-uk-7\/"},"modified":"2026-04-14T11:57:49","modified_gmt":"2026-04-14T10:57:49","slug":"pumpkin-platform-sole-faux-fur-lining-ultra-mini-ankle-boot-in-chestnut-faux-suede-womens","status":"publish","type":"product","link":"https:\/\/clairewears.com\/clairespicks\/product\/pumpkin-platform-sole-faux-fur-lining-ultra-mini-ankle-boot-in-chestnut-faux-suede-womens\/","title":{"rendered":"Pumpkin Platform Sole Faux Fur Lining Ultra Mini Ankle Boot In Chestnut Faux Suede, Women&#8217;s"},"content":{"rendered":"<p>Spice up your shoe game with the Pumpkin Platform Ultra Mini Boots! These fur lined boots in chestnut faux suede are your new autumn obsession. Featuring a chunky platform sole and dreamy faux fur lining, they\u00e2re like pumpkin spice for your feet\u00e2cosy, stylish, and totally essential. Whether you\u00e2re hitting the coffee shop or snapping pics for the \u00e2Gram, these ultra mini boots bring the heat while keeping it chill. Pair with your favorite loungewear for the ultimate cold-weather fit.<\/p>\n","protected":false},"excerpt":{"rendered":"<p>Spice up your shoe game with the Pumpkin Platform Ultra Mini Boots! These fur lined boots in chestnut faux suede are your new autumn obsession. Featuring a chunky platform sole&hellip;<\/p>\n","protected":false},"featured_media":14713,"comment_status":"closed","ping_status":"open","template":"","meta":[],"product_brand":[],"product_cat":[15],"product_tag":[],"class_list":{"0":"post-14712","1":"product","2":"type-product","3":"status-publish","4":"has-post-thumbnail","6":"product_cat-uncategorized","7":"pa_merchant-ego-uk","9":"first","10":"instock","11":"product-type-external","12":"layout-style-1","13":"col-md-4 col-sm-4 col-xs-6","14":"col-lg-3","15":"product-style-default"},"yoast_head":"<!-- This site is optimized with the Yoast SEO plugin v27.6 - https:\/\/yoast.com\/product\/yoast-seo-wordpress\/ -->\n<title>Pumpkin Platform Sole Faux Fur Lining Ultra Mini Ankle Boot In Chestnut Faux Suede, Women&#8217;s - Claire Wears<\/title>\n<meta name=\"robots\" content=\"noindex, follow\" \/>\n<meta property=\"og:locale\" content=\"en_GB\" \/>\n<meta property=\"og:type\" content=\"article\" \/>\n<meta property=\"og:title\" content=\"Pumpkin Platform Sole Faux Fur Lining Ultra Mini Ankle Boot In Chestnut Faux Suede, Women&#8217;s - Claire Wears\" \/>\n<meta property=\"og:description\" content=\"Spice up your shoe game with the Pumpkin Platform Ultra Mini Boots! These fur lined boots in chestnut faux suede are your new autumn obsession. Featuring a chunky platform sole&hellip;\" \/>\n<meta property=\"og:url\" content=\"https:\/\/clairewears.com\/clairespicks\/product\/pumpkin-platform-sole-faux-fur-lining-ultra-mini-ankle-boot-in-chestnut-faux-suede-womens\/\" \/>\n<meta property=\"og:site_name\" content=\"Claire Wears\" \/>\n<meta property=\"article:modified_time\" content=\"2026-04-14T10:57:49+00:00\" \/>\n<meta property=\"og:image\" content=\"https:\/\/cdn.media.amplience.net\/i\/ego\/04-09-25-Footwear-94_SQ_feed__90866.jpg\" \/><meta property=\"og:image\" content=\"https:\/\/cdn.media.amplience.net\/i\/ego\/04-09-25-Footwear-94_SQ_feed__90866.jpg\" \/>\n\t<meta property=\"og:image:width\" content=\"1024\" \/>\n\t<meta property=\"og:image:height\" content=\"1024\" \/>\n\t<meta property=\"og:image:type\" content=\"image\/jpeg\" \/>\n<meta name=\"twitter:card\" content=\"summary_large_image\" \/>\n<meta name=\"twitter:image\" content=\"https:\/\/cdn.media.amplience.net\/i\/ego\/04-09-25-Footwear-94_SQ_feed__90866.jpg\" \/>\n<script type=\"application\/ld+json\" class=\"yoast-schema-graph\">{\"@context\":\"https:\\\/\\\/schema.org\",\"@graph\":[{\"@type\":\"WebPage\",\"@id\":\"https:\\\/\\\/clairewears.com\\\/clairespicks\\\/product\\\/pumpkin-platform-sole-faux-fur-lining-ultra-mini-ankle-boot-in-chestnut-faux-suede-womens\\\/\",\"url\":\"https:\\\/\\\/clairewears.com\\\/clairespicks\\\/product\\\/pumpkin-platform-sole-faux-fur-lining-ultra-mini-ankle-boot-in-chestnut-faux-suede-womens\\\/\",\"name\":\"Pumpkin Platform Sole Faux Fur Lining Ultra Mini Ankle Boot In Chestnut Faux Suede, Women&#8217;s - Claire Wears\",\"isPartOf\":{\"@id\":\"https:\\\/\\\/clairewears.com\\\/clairespicks\\\/#website\"},\"primaryImageOfPage\":{\"@id\":\"https:\\\/\\\/clairewears.com\\\/clairespicks\\\/product\\\/pumpkin-platform-sole-faux-fur-lining-ultra-mini-ankle-boot-in-chestnut-faux-suede-womens\\\/#primaryimage\"},\"image\":{\"@id\":\"https:\\\/\\\/clairewears.com\\\/clairespicks\\\/product\\\/pumpkin-platform-sole-faux-fur-lining-ultra-mini-ankle-boot-in-chestnut-faux-suede-womens\\\/#primaryimage\"},\"thumbnailUrl\":\"https:\\\/\\\/i0.wp.com\\\/cdn.media.amplience.net\\\/i\\\/ego\\\/04-09-25-Footwear-94_SQ_feed__90866.jpg?fit=%2C&ssl=1\",\"datePublished\":\"2026-04-14T10:57:44+00:00\",\"dateModified\":\"2026-04-14T10:57:49+00:00\",\"breadcrumb\":{\"@id\":\"https:\\\/\\\/clairewears.com\\\/clairespicks\\\/product\\\/pumpkin-platform-sole-faux-fur-lining-ultra-mini-ankle-boot-in-chestnut-faux-suede-womens\\\/#breadcrumb\"},\"inLanguage\":\"en-GB\",\"potentialAction\":[{\"@type\":\"ReadAction\",\"target\":[\"https:\\\/\\\/clairewears.com\\\/clairespicks\\\/product\\\/pumpkin-platform-sole-faux-fur-lining-ultra-mini-ankle-boot-in-chestnut-faux-suede-womens\\\/\"]}]},{\"@type\":\"ImageObject\",\"inLanguage\":\"en-GB\",\"@id\":\"https:\\\/\\\/clairewears.com\\\/clairespicks\\\/product\\\/pumpkin-platform-sole-faux-fur-lining-ultra-mini-ankle-boot-in-chestnut-faux-suede-womens\\\/#primaryimage\",\"url\":\"https:\\\/\\\/i0.wp.com\\\/cdn.media.amplience.net\\\/i\\\/ego\\\/04-09-25-Footwear-94_SQ_feed__90866.jpg?fit=%2C&ssl=1\",\"contentUrl\":\"https:\\\/\\\/i0.wp.com\\\/cdn.media.amplience.net\\\/i\\\/ego\\\/04-09-25-Footwear-94_SQ_feed__90866.jpg?fit=%2C&ssl=1\"},{\"@type\":\"BreadcrumbList\",\"@id\":\"https:\\\/\\\/clairewears.com\\\/clairespicks\\\/product\\\/pumpkin-platform-sole-faux-fur-lining-ultra-mini-ankle-boot-in-chestnut-faux-suede-womens\\\/#breadcrumb\",\"itemListElement\":[{\"@type\":\"ListItem\",\"position\":1,\"name\":\"Home\",\"item\":\"https:\\\/\\\/clairewears.com\\\/clairespicks\\\/\"},{\"@type\":\"ListItem\",\"position\":2,\"name\":\"Shop\",\"item\":\"https:\\\/\\\/clairewears.com\\\/clairespicks\\\/shop\\\/\"},{\"@type\":\"ListItem\",\"position\":3,\"name\":\"Pumpkin Platform Sole Faux Fur Lining Ultra Mini Ankle Boot In Chestnut Faux Suede, Women&#8217;s\"}]},{\"@type\":\"WebSite\",\"@id\":\"https:\\\/\\\/clairewears.com\\\/clairespicks\\\/#website\",\"url\":\"https:\\\/\\\/clairewears.com\\\/clairespicks\\\/\",\"name\":\"Claire Wears\",\"description\":\"\",\"potentialAction\":[{\"@type\":\"SearchAction\",\"target\":{\"@type\":\"EntryPoint\",\"urlTemplate\":\"https:\\\/\\\/clairewears.com\\\/clairespicks\\\/?s={search_term_string}\"},\"query-input\":{\"@type\":\"PropertyValueSpecification\",\"valueRequired\":true,\"valueName\":\"search_term_string\"}}],\"inLanguage\":\"en-GB\"}]}<\/script>\n<!-- \/ Yoast SEO plugin. -->","yoast_head_json":{"title":"Pumpkin Platform Sole Faux Fur Lining Ultra Mini Ankle Boot In Chestnut Faux Suede, Women&#8217;s - Claire Wears","robots":{"index":"noindex","follow":"follow"},"og_locale":"en_GB","og_type":"article","og_title":"Pumpkin Platform Sole Faux Fur Lining Ultra Mini Ankle Boot In Chestnut Faux Suede, Women&#8217;s - Claire Wears","og_description":"Spice up your shoe game with the Pumpkin Platform Ultra Mini Boots! These fur lined boots in chestnut faux suede are your new autumn obsession. Featuring a chunky platform sole&hellip;","og_url":"https:\/\/clairewears.com\/clairespicks\/product\/pumpkin-platform-sole-faux-fur-lining-ultra-mini-ankle-boot-in-chestnut-faux-suede-womens\/","og_site_name":"Claire Wears","article_modified_time":"2026-04-14T10:57:49+00:00","og_image":[{"url":"https:\/\/cdn.media.amplience.net\/i\/ego\/04-09-25-Footwear-94_SQ_feed__90866.jpg","type":"","width":"","height":""},{"url":"https:\/\/cdn.media.amplience.net\/i\/ego\/04-09-25-Footwear-94_SQ_feed__90866.jpg","width":1024,"height":1024,"type":"image\/jpeg"}],"twitter_card":"summary_large_image","twitter_image":"https:\/\/cdn.media.amplience.net\/i\/ego\/04-09-25-Footwear-94_SQ_feed__90866.jpg","schema":{"@context":"https:\/\/schema.org","@graph":[{"@type":"WebPage","@id":"https:\/\/clairewears.com\/clairespicks\/product\/pumpkin-platform-sole-faux-fur-lining-ultra-mini-ankle-boot-in-chestnut-faux-suede-womens\/","url":"https:\/\/clairewears.com\/clairespicks\/product\/pumpkin-platform-sole-faux-fur-lining-ultra-mini-ankle-boot-in-chestnut-faux-suede-womens\/","name":"Pumpkin Platform Sole Faux Fur Lining Ultra Mini Ankle Boot In Chestnut Faux Suede, Women&#8217;s - Claire Wears","isPartOf":{"@id":"https:\/\/clairewears.com\/clairespicks\/#website"},"primaryImageOfPage":{"@id":"https:\/\/clairewears.com\/clairespicks\/product\/pumpkin-platform-sole-faux-fur-lining-ultra-mini-ankle-boot-in-chestnut-faux-suede-womens\/#primaryimage"},"image":{"@id":"https:\/\/clairewears.com\/clairespicks\/product\/pumpkin-platform-sole-faux-fur-lining-ultra-mini-ankle-boot-in-chestnut-faux-suede-womens\/#primaryimage"},"thumbnailUrl":"https:\/\/i0.wp.com\/cdn.media.amplience.net\/i\/ego\/04-09-25-Footwear-94_SQ_feed__90866.jpg?fit=%2C&ssl=1","datePublished":"2026-04-14T10:57:44+00:00","dateModified":"2026-04-14T10:57:49+00:00","breadcrumb":{"@id":"https:\/\/clairewears.com\/clairespicks\/product\/pumpkin-platform-sole-faux-fur-lining-ultra-mini-ankle-boot-in-chestnut-faux-suede-womens\/#breadcrumb"},"inLanguage":"en-GB","potentialAction":[{"@type":"ReadAction","target":["https:\/\/clairewears.com\/clairespicks\/product\/pumpkin-platform-sole-faux-fur-lining-ultra-mini-ankle-boot-in-chestnut-faux-suede-womens\/"]}]},{"@type":"ImageObject","inLanguage":"en-GB","@id":"https:\/\/clairewears.com\/clairespicks\/product\/pumpkin-platform-sole-faux-fur-lining-ultra-mini-ankle-boot-in-chestnut-faux-suede-womens\/#primaryimage","url":"https:\/\/i0.wp.com\/cdn.media.amplience.net\/i\/ego\/04-09-25-Footwear-94_SQ_feed__90866.jpg?fit=%2C&ssl=1","contentUrl":"https:\/\/i0.wp.com\/cdn.media.amplience.net\/i\/ego\/04-09-25-Footwear-94_SQ_feed__90866.jpg?fit=%2C&ssl=1"},{"@type":"BreadcrumbList","@id":"https:\/\/clairewears.com\/clairespicks\/product\/pumpkin-platform-sole-faux-fur-lining-ultra-mini-ankle-boot-in-chestnut-faux-suede-womens\/#breadcrumb","itemListElement":[{"@type":"ListItem","position":1,"name":"Home","item":"https:\/\/clairewears.com\/clairespicks\/"},{"@type":"ListItem","position":2,"name":"Shop","item":"https:\/\/clairewears.com\/clairespicks\/shop\/"},{"@type":"ListItem","position":3,"name":"Pumpkin Platform Sole Faux Fur Lining Ultra Mini Ankle Boot In Chestnut Faux Suede, Women&#8217;s"}]},{"@type":"WebSite","@id":"https:\/\/clairewears.com\/clairespicks\/#website","url":"https:\/\/clairewears.com\/clairespicks\/","name":"Claire Wears","description":"","potentialAction":[{"@type":"SearchAction","target":{"@type":"EntryPoint","urlTemplate":"https:\/\/clairewears.com\/clairespicks\/?s={search_term_string}"},"query-input":{"@type":"PropertyValueSpecification","valueRequired":true,"valueName":"search_term_string"}}],"inLanguage":"en-GB"}]}},"jetpack_sharing_enabled":true,"_links":{"self":[{"href":"https:\/\/clairewears.com\/clairespicks\/wp-json\/wp\/v2\/product\/14712","targetHints":{"allow":["GET"]}}],"collection":[{"href":"https:\/\/clairewears.com\/clairespicks\/wp-json\/wp\/v2\/product"}],"about":[{"href":"https:\/\/clairewears.com\/clairespicks\/wp-json\/wp\/v2\/types\/product"}],"replies":[{"embeddable":true,"href":"https:\/\/clairewears.com\/clairespicks\/wp-json\/wp\/v2\/comments?post=14712"}],"wp:featuredmedia":[{"embeddable":true,"href":"https:\/\/clairewears.com\/clairespicks\/wp-json\/wp\/v2\/media\/14713"}],"wp:attachment":[{"href":"https:\/\/clairewears.com\/clairespicks\/wp-json\/wp\/v2\/media?parent=14712"}],"wp:term":[{"taxonomy":"product_brand","embeddable":true,"href":"https:\/\/clairewears.com\/clairespicks\/wp-json\/wp\/v2\/product_brand?post=14712"},{"taxonomy":"product_cat","embeddable":true,"href":"https:\/\/clairewears.com\/clairespicks\/wp-json\/wp\/v2\/product_cat?post=14712"},{"taxonomy":"product_tag","embeddable":true,"href":"https:\/\/clairewears.com\/clairespicks\/wp-json\/wp\/v2\/product_tag?post=14712"}],"curies":[{"name":"wp","href":"https:\/\/api.w.org\/{rel}","templated":true}]}}